{"id":157,"date":"2022-06-29T10:17:15","date_gmt":"2022-06-29T08:17:15","guid":{"rendered":"https:\/\/boiteakdo.com\/?page_id=157"},"modified":"2022-07-07T23:17:26","modified_gmt":"2022-07-07T21:17:26","slug":"mignonnette-de-chocolat","status":"publish","type":"page","link":"https:\/\/boiteakdo.com\/index.php\/mignonnette-de-chocolat\/","title":{"rendered":"mignonnette de Chocolat"},"content":{"rendered":"\t\t<div data-elementor-type=\"wp-page\" data-elementor-id=\"157\" class=\"elementor elementor-157\" data-elementor-post-type=\"page\">\n\t\t\t\t\t\t<section class=\"elementor-section elementor-top-section elementor-element elementor-element-18da9b6d elementor-section-boxed elementor-section-height-default elementor-section-height-default\" data-id=\"18da9b6d\" data-element_type=\"section\" data-settings=\"{&quot;background_background&quot;:&quot;classic&quot;}\">\n\t\t\t\t\t\t\t<div class=\"elementor-background-overlay\"><\/div>\n\t\t\t\t\t\t\t<div class=\"elementor-container elementor-column-gap-default\">\n\t\t\t\t\t<div class=\"elementor-column elementor-col-100 elementor-top-column elementor-element elementor-element-324988c6\" data-id=\"324988c6\" data-element_type=\"column\">\n\t\t\t<div class=\"elementor-widget-wrap elementor-element-populated\">\n\t\t\t\t\t\t<div class=\"elementor-element elementor-element-1328d85c elementor-widget elementor-widget-heading\" data-id=\"1328d85c\" data-element_type=\"widget\" data-widget_type=\"heading.default\">\n\t\t\t\t<div class=\"elementor-widget-container\">\n\t\t\t\t\t<h2 class=\"elementor-heading-title elementor-size-default\">Mignonnette de  <br> Chocolat personnalis\u00e9<\/h2>\t\t\t\t<\/div>\n\t\t\t\t<\/div>\n\t\t\t\t<div class=\"elementor-element elementor-element-c36fcbe elementor-widget__width-initial elementor-widget elementor-widget-text-editor\" data-id=\"c36fcbe\" data-element_type=\"widget\" data-widget_type=\"text-editor.default\">\n\t\t\t\t<div class=\"elementor-widget-container\">\n\t\t\t\t\t\t\t\t\t<p>Le th\u00e8me et l&rsquo;\u00e9tiquette peut-\u00eatre choisit par vous, si une de ceux-ci ne convient pas vous pouvez prendre contact avec nous pour d\u00e9finir le mod\u00e8le souhaitez.<\/p>\t\t\t\t\t\t\t\t<\/div>\n\t\t\t\t<\/div>\n\t\t\t\t<div class=\"elementor-element elementor-element-fc1693 elementor-align-center elementor-widget elementor-widget-button\" data-id=\"fc1693\" data-element_type=\"widget\" data-widget_type=\"button.default\">\n\t\t\t\t<div class=\"elementor-widget-container\">\n\t\t\t\t\t\t\t\t\t<div class=\"elementor-button-wrapper\">\n\t\t\t\t\t<a class=\"elementor-button elementor-button-link elementor-size-sm elementor-animation-grow\" href=\"https:\/\/boiteakdo.com\/index.php\/contact\/\">\n\t\t\t\t\t\t<span class=\"elementor-button-content-wrapper\">\n\t\t\t\t\t\t\t\t\t<span class=\"elementor-button-text\">Passer commande<\/span>\n\t\t\t\t\t<\/span>\n\t\t\t\t\t<\/a>\n\t\t\t\t<\/div>\n\t\t\t\t\t\t\t\t<\/div>\n\t\t\t\t<\/div>\n\t\t\t\t\t<\/div>\n\t\t<\/div>\n\t\t\t\t\t<\/div>\n\t\t<\/section>\n\t\t\t\t<section class=\"elementor-section elementor-top-section elementor-element elementor-element-4697d8b7 elementor-section-boxed elementor-section-height-default elementor-section-height-default\" data-id=\"4697d8b7\" data-element_type=\"section\">\n\t\t\t\t\t\t<div class=\"elementor-container elementor-column-gap-default\">\n\t\t\t\t\t<div class=\"elementor-column elementor-col-100 elementor-top-column elementor-element elementor-element-94bc7c6\" data-id=\"94bc7c6\" data-element_type=\"column\">\n\t\t\t<div class=\"elementor-widget-wrap elementor-element-populated\">\n\t\t\t\t\t\t<div class=\"elementor-element elementor-element-16dfa4d8 elementor-widget elementor-widget-gallery\" data-id=\"16dfa4d8\" data-element_type=\"widget\" data-settings=\"{&quot;columns&quot;:5,&quot;columns_tablet&quot;:3,&quot;overlay_description&quot;:&quot;caption&quot;,&quot;gallery_layout&quot;:&quot;masonry&quot;,&quot;columns_mobile&quot;:3,&quot;gap&quot;:{&quot;unit&quot;:&quot;px&quot;,&quot;size&quot;:8,&quot;sizes&quot;:[]},&quot;lazyload&quot;:&quot;yes&quot;,&quot;gap_tablet&quot;:{&quot;unit&quot;:&quot;px&quot;,&quot;size&quot;:10,&quot;sizes&quot;:[]},&quot;gap_mobile&quot;:{&quot;unit&quot;:&quot;px&quot;,&quot;size&quot;:10,&quot;sizes&quot;:[]},&quot;link_to&quot;:&quot;file&quot;,&quot;overlay_background&quot;:&quot;yes&quot;,&quot;content_hover_animation&quot;:&quot;fade-in&quot;}\" data-widget_type=\"gallery.default\">\n\t\t\t\t<div class=\"elementor-widget-container\">\n\t\t\t\t\t\t\t\t<div class=\"elementor-gallery__titles-container e--pointer-underline e--animation-fade\" aria-label=\"Filtre de galerie\">\n\t\t\t\t\n\t\t\t\t\t\t\t\t\t<a class=\"elementor-item elementor-gallery-title\" role=\"button\" tabindex=\"0\" data-gallery-index=\"0\">\n\t\t\t\t\t\t\t\t\t\t\t<\/a>\n\t\t\t\t\t\t\t\t<\/div>\n\t\t\t\t\t<div class=\"elementor-gallery__container\">\n\t\t\t\t\t\t\t<a class=\"e-gallery-item elementor-gallery-item elementor-animated-content\" data-e-gallery-tags=\"0\" href=\"https:\/\/boiteakdo.com\/wp-content\/uploads\/2022\/07\/WhatsApp-Image-2022-06-20-at-21.02.36-1-1.jpeg\" data-elementor-open-lightbox=\"yes\" data-elementor-lightbox-slideshow=\"16dfa4d8\" data-elementor-lightbox-title=\"WhatsApp Image 2022-06-20 at 21.02.36 (1)\" data-e-action-hash=\"#elementor-action%3Aaction%3Dlightbox%26settings%3DeyJpZCI6NjM5LCJ1cmwiOiJodHRwczpcL1wvYm9pdGVha2RvLmNvbVwvd3AtY29udGVudFwvdXBsb2Fkc1wvMjAyMlwvMDdcL1doYXRzQXBwLUltYWdlLTIwMjItMDYtMjAtYXQtMjEuMDIuMzYtMS0xLmpwZWciLCJzbGlkZXNob3ciOiIxNmRmYTRkOCJ9\">\n\t\t\t\t\t<div class=\"e-gallery-image elementor-gallery-item__image\" data-thumbnail=\"https:\/\/boiteakdo.com\/wp-content\/uploads\/2022\/07\/WhatsApp-Image-2022-06-20-at-21.02.36-1-1.jpeg\" data-width=\"1500\" data-height=\"2000\" aria-label=\"\" role=\"img\" ><\/div>\n\t\t\t\t\t\t\t\t\t\t\t<div class=\"elementor-gallery-item__overlay\"><\/div>\n\t\t\t\t\t\t\t\t\t\t\t\t\t\t\t<div class=\"elementor-gallery-item__content\">\n\t\t\t\t\t\t\t\t\t\t\t<\/div>\n\t\t\t\t\t\t\t\t\t<\/a>\n\t\t\t\t\t\t\t<a class=\"e-gallery-item elementor-gallery-item elementor-animated-content\" data-e-gallery-tags=\"0\" href=\"https:\/\/boiteakdo.com\/wp-content\/uploads\/2022\/07\/WhatsApp-Image-2022-06-20-at-21.02.36-2-1.jpeg\" data-elementor-open-lightbox=\"yes\" data-elementor-lightbox-slideshow=\"16dfa4d8\" data-elementor-lightbox-title=\"WhatsApp Image 2022-06-20 at 21.02.36 (2)\" data-e-action-hash=\"#elementor-action%3Aaction%3Dlightbox%26settings%3DeyJpZCI6NjQwLCJ1cmwiOiJodHRwczpcL1wvYm9pdGVha2RvLmNvbVwvd3AtY29udGVudFwvdXBsb2Fkc1wvMjAyMlwvMDdcL1doYXRzQXBwLUltYWdlLTIwMjItMDYtMjAtYXQtMjEuMDIuMzYtMi0xLmpwZWciLCJzbGlkZXNob3ciOiIxNmRmYTRkOCJ9\">\n\t\t\t\t\t<div class=\"e-gallery-image elementor-gallery-item__image\" data-thumbnail=\"https:\/\/boiteakdo.com\/wp-content\/uploads\/2022\/07\/WhatsApp-Image-2022-06-20-at-21.02.36-2-1.jpeg\" data-width=\"1500\" data-height=\"1669\" aria-label=\"\" role=\"img\" ><\/div>\n\t\t\t\t\t\t\t\t\t\t\t<div class=\"elementor-gallery-item__overlay\"><\/div>\n\t\t\t\t\t\t\t\t\t\t\t\t\t\t\t<div class=\"elementor-gallery-item__content\">\n\t\t\t\t\t\t\t\t\t\t\t<\/div>\n\t\t\t\t\t\t\t\t\t<\/a>\n\t\t\t\t\t\t\t<a class=\"e-gallery-item elementor-gallery-item elementor-animated-content\" data-e-gallery-tags=\"0\" href=\"https:\/\/boiteakdo.com\/wp-content\/uploads\/2022\/07\/WhatsApp-Image-2022-06-20-at-21.02.36-3-1.jpeg\" data-elementor-open-lightbox=\"yes\" data-elementor-lightbox-slideshow=\"16dfa4d8\" data-elementor-lightbox-title=\"WhatsApp Image 2022-06-20 at 21.02.36 (3)\" data-e-action-hash=\"#elementor-action%3Aaction%3Dlightbox%26settings%3DeyJpZCI6NjQxLCJ1cmwiOiJodHRwczpcL1wvYm9pdGVha2RvLmNvbVwvd3AtY29udGVudFwvdXBsb2Fkc1wvMjAyMlwvMDdcL1doYXRzQXBwLUltYWdlLTIwMjItMDYtMjAtYXQtMjEuMDIuMzYtMy0xLmpwZWciLCJzbGlkZXNob3ciOiIxNmRmYTRkOCJ9\">\n\t\t\t\t\t<div class=\"e-gallery-image elementor-gallery-item__image\" data-thumbnail=\"https:\/\/boiteakdo.com\/wp-content\/uploads\/2022\/07\/WhatsApp-Image-2022-06-20-at-21.02.36-3-1.jpeg\" data-width=\"1500\" data-height=\"2000\" aria-label=\"\" role=\"img\" ><\/div>\n\t\t\t\t\t\t\t\t\t\t\t<div class=\"elementor-gallery-item__overlay\"><\/div>\n\t\t\t\t\t\t\t\t\t\t\t\t\t\t\t<div class=\"elementor-gallery-item__content\">\n\t\t\t\t\t\t\t\t\t\t\t<\/div>\n\t\t\t\t\t\t\t\t\t<\/a>\n\t\t\t\t\t\t\t<a class=\"e-gallery-item elementor-gallery-item elementor-animated-content\" data-e-gallery-tags=\"0\" href=\"https:\/\/boiteakdo.com\/wp-content\/uploads\/2022\/07\/WhatsApp-Image-2022-06-20-at-21.02.36-5-1.jpeg\" data-elementor-open-lightbox=\"yes\" data-elementor-lightbox-slideshow=\"16dfa4d8\" data-elementor-lightbox-title=\"WhatsApp Image 2022-06-20 at 21.02.36 (5)\" data-e-action-hash=\"#elementor-action%3Aaction%3Dlightbox%26settings%3DeyJpZCI6NjQyLCJ1cmwiOiJodHRwczpcL1wvYm9pdGVha2RvLmNvbVwvd3AtY29udGVudFwvdXBsb2Fkc1wvMjAyMlwvMDdcL1doYXRzQXBwLUltYWdlLTIwMjItMDYtMjAtYXQtMjEuMDIuMzYtNS0xLmpwZWciLCJzbGlkZXNob3ciOiIxNmRmYTRkOCJ9\">\n\t\t\t\t\t<div class=\"e-gallery-image elementor-gallery-item__image\" data-thumbnail=\"https:\/\/boiteakdo.com\/wp-content\/uploads\/2022\/07\/WhatsApp-Image-2022-06-20-at-21.02.36-5-1.jpeg\" data-width=\"1500\" data-height=\"2000\" aria-label=\"\" role=\"img\" ><\/div>\n\t\t\t\t\t\t\t\t\t\t\t<div class=\"elementor-gallery-item__overlay\"><\/div>\n\t\t\t\t\t\t\t\t\t\t\t\t\t\t\t<div class=\"elementor-gallery-item__content\">\n\t\t\t\t\t\t\t\t\t\t\t<\/div>\n\t\t\t\t\t\t\t\t\t<\/a>\n\t\t\t\t\t\t\t<a class=\"e-gallery-item elementor-gallery-item elementor-animated-content\" data-e-gallery-tags=\"0\" href=\"https:\/\/boiteakdo.com\/wp-content\/uploads\/2022\/07\/WhatsApp-Image-2022-06-20-at-21.02.36-6.jpeg\" data-elementor-open-lightbox=\"yes\" data-elementor-lightbox-slideshow=\"16dfa4d8\" data-elementor-lightbox-title=\"WhatsApp Image 2022-06-20 at 21.02.36\" data-e-action-hash=\"#elementor-action%3Aaction%3Dlightbox%26settings%3DeyJpZCI6NjQzLCJ1cmwiOiJodHRwczpcL1wvYm9pdGVha2RvLmNvbVwvd3AtY29udGVudFwvdXBsb2Fkc1wvMjAyMlwvMDdcL1doYXRzQXBwLUltYWdlLTIwMjItMDYtMjAtYXQtMjEuMDIuMzYtNi5qcGVnIiwic2xpZGVzaG93IjoiMTZkZmE0ZDgifQ%3D%3D\">\n\t\t\t\t\t<div class=\"e-gallery-image elementor-gallery-item__image\" data-thumbnail=\"https:\/\/boiteakdo.com\/wp-content\/uploads\/2022\/07\/WhatsApp-Image-2022-06-20-at-21.02.36-6.jpeg\" data-width=\"1500\" data-height=\"1669\" aria-label=\"\" role=\"img\" ><\/div>\n\t\t\t\t\t\t\t\t\t\t\t<div class=\"elementor-gallery-item__overlay\"><\/div>\n\t\t\t\t\t\t\t\t\t\t\t\t\t\t\t<div class=\"elementor-gallery-item__content\">\n\t\t\t\t\t\t\t\t\t\t\t<\/div>\n\t\t\t\t\t\t\t\t\t<\/a>\n\t\t\t\t\t\t\t<a class=\"e-gallery-item elementor-gallery-item elementor-animated-content\" data-e-gallery-tags=\"0\" href=\"https:\/\/boiteakdo.com\/wp-content\/uploads\/2022\/07\/WhatsApp-Image-2022-06-20-at-21.02.37-1-1.jpeg\" data-elementor-open-lightbox=\"yes\" data-elementor-lightbox-slideshow=\"16dfa4d8\" data-elementor-lightbox-title=\"WhatsApp Image 2022-06-20 at 21.02.37 (1)\" data-e-action-hash=\"#elementor-action%3Aaction%3Dlightbox%26settings%3DeyJpZCI6NjQ0LCJ1cmwiOiJodHRwczpcL1wvYm9pdGVha2RvLmNvbVwvd3AtY29udGVudFwvdXBsb2Fkc1wvMjAyMlwvMDdcL1doYXRzQXBwLUltYWdlLTIwMjItMDYtMjAtYXQtMjEuMDIuMzctMS0xLmpwZWciLCJzbGlkZXNob3ciOiIxNmRmYTRkOCJ9\">\n\t\t\t\t\t<div class=\"e-gallery-image elementor-gallery-item__image\" data-thumbnail=\"https:\/\/boiteakdo.com\/wp-content\/uploads\/2022\/07\/WhatsApp-Image-2022-06-20-at-21.02.37-1-1.jpeg\" data-width=\"1500\" data-height=\"2000\" aria-label=\"\" role=\"img\" ><\/div>\n\t\t\t\t\t\t\t\t\t\t\t<div class=\"elementor-gallery-item__overlay\"><\/div>\n\t\t\t\t\t\t\t\t\t\t\t\t\t\t\t<div class=\"elementor-gallery-item__content\">\n\t\t\t\t\t\t\t\t\t\t\t<\/div>\n\t\t\t\t\t\t\t\t\t<\/a>\n\t\t\t\t\t\t\t<a class=\"e-gallery-item elementor-gallery-item elementor-animated-content\" data-e-gallery-tags=\"0\" href=\"https:\/\/boiteakdo.com\/wp-content\/uploads\/2022\/07\/WhatsApp-Image-2022-06-20-at-21.02.37-2-1.jpeg\" data-elementor-open-lightbox=\"yes\" data-elementor-lightbox-slideshow=\"16dfa4d8\" data-elementor-lightbox-title=\"WhatsApp Image 2022-06-20 at 21.02.37 (2)\" data-e-action-hash=\"#elementor-action%3Aaction%3Dlightbox%26settings%3DeyJpZCI6NjQ1LCJ1cmwiOiJodHRwczpcL1wvYm9pdGVha2RvLmNvbVwvd3AtY29udGVudFwvdXBsb2Fkc1wvMjAyMlwvMDdcL1doYXRzQXBwLUltYWdlLTIwMjItMDYtMjAtYXQtMjEuMDIuMzctMi0xLmpwZWciLCJzbGlkZXNob3ciOiIxNmRmYTRkOCJ9\">\n\t\t\t\t\t<div class=\"e-gallery-image elementor-gallery-item__image\" data-thumbnail=\"https:\/\/boiteakdo.com\/wp-content\/uploads\/2022\/07\/WhatsApp-Image-2022-06-20-at-21.02.37-2-1.jpeg\" data-width=\"921\" data-height=\"2048\" aria-label=\"\" role=\"img\" ><\/div>\n\t\t\t\t\t\t\t\t\t\t\t<div class=\"elementor-gallery-item__overlay\"><\/div>\n\t\t\t\t\t\t\t\t\t\t\t\t\t\t\t<div class=\"elementor-gallery-item__content\">\n\t\t\t\t\t\t\t\t\t\t\t<\/div>\n\t\t\t\t\t\t\t\t\t<\/a>\n\t\t\t\t\t\t\t<a class=\"e-gallery-item elementor-gallery-item elementor-animated-content\" data-e-gallery-tags=\"0\" href=\"https:\/\/boiteakdo.com\/wp-content\/uploads\/2022\/07\/WhatsApp-Image-2022-06-20-at-21.02.37-3-1.jpeg\" data-elementor-open-lightbox=\"yes\" data-elementor-lightbox-slideshow=\"16dfa4d8\" data-elementor-lightbox-title=\"WhatsApp Image 2022-06-20 at 21.02.37 (3)\" data-e-action-hash=\"#elementor-action%3Aaction%3Dlightbox%26settings%3DeyJpZCI6NjQ2LCJ1cmwiOiJodHRwczpcL1wvYm9pdGVha2RvLmNvbVwvd3AtY29udGVudFwvdXBsb2Fkc1wvMjAyMlwvMDdcL1doYXRzQXBwLUltYWdlLTIwMjItMDYtMjAtYXQtMjEuMDIuMzctMy0xLmpwZWciLCJzbGlkZXNob3ciOiIxNmRmYTRkOCJ9\">\n\t\t\t\t\t<div class=\"e-gallery-image elementor-gallery-item__image\" data-thumbnail=\"https:\/\/boiteakdo.com\/wp-content\/uploads\/2022\/07\/WhatsApp-Image-2022-06-20-at-21.02.37-3-1.jpeg\" data-width=\"1072\" data-height=\"1440\" aria-label=\"\" role=\"img\" ><\/div>\n\t\t\t\t\t\t\t\t\t\t\t<div class=\"elementor-gallery-item__overlay\"><\/div>\n\t\t\t\t\t\t\t\t\t\t\t\t\t\t\t<div class=\"elementor-gallery-item__content\">\n\t\t\t\t\t\t\t\t\t\t\t<\/div>\n\t\t\t\t\t\t\t\t\t<\/a>\n\t\t\t\t\t\t\t<a class=\"e-gallery-item elementor-gallery-item elementor-animated-content\" data-e-gallery-tags=\"0\" href=\"https:\/\/boiteakdo.com\/wp-content\/uploads\/2022\/07\/WhatsApp-Image-2022-06-20-at-21.02.36-4-1.jpeg\" data-elementor-open-lightbox=\"yes\" data-elementor-lightbox-slideshow=\"16dfa4d8\" data-elementor-lightbox-title=\"WhatsApp Image 2022-06-20 at 21.02.36 (4)\" data-e-action-hash=\"#elementor-action%3Aaction%3Dlightbox%26settings%3DeyJpZCI6NjQ3LCJ1cmwiOiJodHRwczpcL1wvYm9pdGVha2RvLmNvbVwvd3AtY29udGVudFwvdXBsb2Fkc1wvMjAyMlwvMDdcL1doYXRzQXBwLUltYWdlLTIwMjItMDYtMjAtYXQtMjEuMDIuMzYtNC0xLmpwZWciLCJzbGlkZXNob3ciOiIxNmRmYTRkOCJ9\">\n\t\t\t\t\t<div class=\"e-gallery-image elementor-gallery-item__image\" data-thumbnail=\"https:\/\/boiteakdo.com\/wp-content\/uploads\/2022\/07\/WhatsApp-Image-2022-06-20-at-21.02.36-4-1.jpeg\" data-width=\"1500\" data-height=\"2000\" aria-label=\"\" role=\"img\" ><\/div>\n\t\t\t\t\t\t\t\t\t\t\t<div class=\"elementor-gallery-item__overlay\"><\/div>\n\t\t\t\t\t\t\t\t\t\t\t\t\t\t\t<div class=\"elementor-gallery-item__content\">\n\t\t\t\t\t\t\t\t\t\t\t<\/div>\n\t\t\t\t\t\t\t\t\t<\/a>\n\t\t\t\t\t\t\t<a class=\"e-gallery-item elementor-gallery-item elementor-animated-content\" data-e-gallery-tags=\"0\" href=\"https:\/\/boiteakdo.com\/wp-content\/uploads\/2022\/07\/WhatsApp-Image-2022-06-20-at-21.02.37-4.jpeg\" data-elementor-open-lightbox=\"yes\" data-elementor-lightbox-slideshow=\"16dfa4d8\" data-elementor-lightbox-title=\"WhatsApp Image 2022-06-20 at 21.02.37\" data-e-action-hash=\"#elementor-action%3Aaction%3Dlightbox%26settings%3DeyJpZCI6NjQ4LCJ1cmwiOiJodHRwczpcL1wvYm9pdGVha2RvLmNvbVwvd3AtY29udGVudFwvdXBsb2Fkc1wvMjAyMlwvMDdcL1doYXRzQXBwLUltYWdlLTIwMjItMDYtMjAtYXQtMjEuMDIuMzctNC5qcGVnIiwic2xpZGVzaG93IjoiMTZkZmE0ZDgifQ%3D%3D\">\n\t\t\t\t\t<div class=\"e-gallery-image elementor-gallery-item__image\" data-thumbnail=\"https:\/\/boiteakdo.com\/wp-content\/uploads\/2022\/07\/WhatsApp-Image-2022-06-20-at-21.02.37-4.jpeg\" data-width=\"1500\" data-height=\"2000\" aria-label=\"\" role=\"img\" ><\/div>\n\t\t\t\t\t\t\t\t\t\t\t<div class=\"elementor-gallery-item__overlay\"><\/div>\n\t\t\t\t\t\t\t\t\t\t\t\t\t\t\t<div class=\"elementor-gallery-item__content\">\n\t\t\t\t\t\t\t\t\t\t\t<\/div>\n\t\t\t\t\t\t\t\t\t<\/a>\n\t\t\t\t\t<\/div>\n\t\t\t\t\t<\/div>\n\t\t\t\t<\/div>\n\t\t\t\t\t<\/div>\n\t\t<\/div>\n\t\t\t\t\t<\/div>\n\t\t<\/section>\n\t\t\t\t<\/div>\n\t\t","protected":false},"excerpt":{"rendered":"<p>Mignonnette de Chocolat personnalis\u00e9 Le th\u00e8me et l&rsquo;\u00e9tiquette peut-\u00eatre choisit par vous, si une de ceux-ci ne convient pas vous pouvez prendre contact avec nous pour d\u00e9finir le mod\u00e8le souhaitez. Passer commande<\/p>\n","protected":false},"author":2,"featured_media":0,"parent":0,"menu_order":0,"comment_status":"closed","ping_status":"closed","template":"","meta":{"footnotes":""},"class_list":["post-157","page","type-page","status-publish","hentry"],"_links":{"self":[{"href":"https:\/\/boiteakdo.com\/index.php\/wp-json\/wp\/v2\/pages\/157","targetHints":{"allow":["GET"]}}],"collection":[{"href":"https:\/\/boiteakdo.com\/index.php\/wp-json\/wp\/v2\/pages"}],"about":[{"href":"https:\/\/boiteakdo.com\/index.php\/wp-json\/wp\/v2\/types\/page"}],"author":[{"embeddable":true,"href":"https:\/\/boiteakdo.com\/index.php\/wp-json\/wp\/v2\/users\/2"}],"replies":[{"embeddable":true,"href":"https:\/\/boiteakdo.com\/index.php\/wp-json\/wp\/v2\/comments?post=157"}],"version-history":[{"count":13,"href":"https:\/\/boiteakdo.com\/index.php\/wp-json\/wp\/v2\/pages\/157\/revisions"}],"predecessor-version":[{"id":1185,"href":"https:\/\/boiteakdo.com\/index.php\/wp-json\/wp\/v2\/pages\/157\/revisions\/1185"}],"wp:attachment":[{"href":"https:\/\/boiteakdo.com\/index.php\/wp-json\/wp\/v2\/media?parent=157"}],"curies":[{"name":"wp","href":"https:\/\/api.w.org\/{rel}","templated":true}]}}