{"id":165,"date":"2022-06-29T10:18:46","date_gmt":"2022-06-29T08:18:46","guid":{"rendered":"https:\/\/boiteakdo.com\/?page_id=165"},"modified":"2022-07-05T13:21:22","modified_gmt":"2022-07-05T11:21:22","slug":"doudous","status":"publish","type":"page","link":"https:\/\/boiteakdo.com\/index.php\/doudous\/","title":{"rendered":"Doudous"},"content":{"rendered":"\t\t<div data-elementor-type=\"wp-page\" data-elementor-id=\"165\" class=\"elementor elementor-165\" data-elementor-post-type=\"page\">\n\t\t\t\t\t\t<section class=\"elementor-section elementor-top-section elementor-element elementor-element-1444bab8 elementor-section-boxed elementor-section-height-default elementor-section-height-default\" data-id=\"1444bab8\" data-element_type=\"section\" data-settings=\"{&quot;background_background&quot;:&quot;classic&quot;}\">\n\t\t\t\t\t\t\t<div class=\"elementor-background-overlay\"><\/div>\n\t\t\t\t\t\t\t<div class=\"elementor-container elementor-column-gap-default\">\n\t\t\t\t\t<div class=\"elementor-column elementor-col-100 elementor-top-column elementor-element elementor-element-3c82bb28\" data-id=\"3c82bb28\" data-element_type=\"column\">\n\t\t\t<div class=\"elementor-widget-wrap elementor-element-populated\">\n\t\t\t\t\t\t<div class=\"elementor-element elementor-element-15e40e2d elementor-widget elementor-widget-heading\" data-id=\"15e40e2d\" data-element_type=\"widget\" data-widget_type=\"heading.default\">\n\t\t\t\t<div class=\"elementor-widget-container\">\n\t\t\t\t\t<h2 class=\"elementor-heading-title elementor-size-default\"> Doudous et \u00e9l\u00e9phant <br> personnalisables<\/h2>\t\t\t\t<\/div>\n\t\t\t\t<\/div>\n\t\t\t\t<div class=\"elementor-element elementor-element-400228df elementor-widget__width-initial elementor-widget elementor-widget-text-editor\" data-id=\"400228df\" data-element_type=\"widget\" data-widget_type=\"text-editor.default\">\n\t\t\t\t<div class=\"elementor-widget-container\">\n\t\t\t\t\t\t\t\t\t<p>Diff\u00e9rents types de doudous et \u00e9l\u00e9phants de couleurs et style diff\u00e9rents personnalisables<\/p>\t\t\t\t\t\t\t\t<\/div>\n\t\t\t\t<\/div>\n\t\t\t\t<div class=\"elementor-element elementor-element-6f05bd1e elementor-align-center elementor-widget elementor-widget-button\" data-id=\"6f05bd1e\" data-element_type=\"widget\" data-widget_type=\"button.default\">\n\t\t\t\t<div class=\"elementor-widget-container\">\n\t\t\t\t\t\t\t\t\t<div class=\"elementor-button-wrapper\">\n\t\t\t\t\t<a class=\"elementor-button elementor-button-link elementor-size-sm elementor-animation-grow\" href=\"https:\/\/boiteakdo.com\/index.php\/contact\/\">\n\t\t\t\t\t\t<span class=\"elementor-button-content-wrapper\">\n\t\t\t\t\t\t\t\t\t<span class=\"elementor-button-text\">Passer commande<\/span>\n\t\t\t\t\t<\/span>\n\t\t\t\t\t<\/a>\n\t\t\t\t<\/div>\n\t\t\t\t\t\t\t\t<\/div>\n\t\t\t\t<\/div>\n\t\t\t\t\t<\/div>\n\t\t<\/div>\n\t\t\t\t\t<\/div>\n\t\t<\/section>\n\t\t\t\t<section class=\"elementor-section elementor-top-section elementor-element elementor-element-3bcf8c45 elementor-section-boxed elementor-section-height-default elementor-section-height-default\" data-id=\"3bcf8c45\" data-element_type=\"section\">\n\t\t\t\t\t\t<div class=\"elementor-container elementor-column-gap-default\">\n\t\t\t\t\t<div class=\"elementor-column elementor-col-100 elementor-top-column elementor-element elementor-element-551f8699\" data-id=\"551f8699\" data-element_type=\"column\">\n\t\t\t<div class=\"elementor-widget-wrap elementor-element-populated\">\n\t\t\t\t\t\t<div class=\"elementor-element elementor-element-20ed2ba elementor-widget elementor-widget-gallery\" data-id=\"20ed2ba\" data-element_type=\"widget\" data-settings=\"{&quot;columns&quot;:5,&quot;columns_tablet&quot;:3,&quot;overlay_description&quot;:&quot;caption&quot;,&quot;gallery_layout&quot;:&quot;masonry&quot;,&quot;columns_mobile&quot;:3,&quot;gap&quot;:{&quot;unit&quot;:&quot;px&quot;,&quot;size&quot;:8,&quot;sizes&quot;:[]},&quot;lazyload&quot;:&quot;yes&quot;,&quot;gap_tablet&quot;:{&quot;unit&quot;:&quot;px&quot;,&quot;size&quot;:10,&quot;sizes&quot;:[]},&quot;gap_mobile&quot;:{&quot;unit&quot;:&quot;px&quot;,&quot;size&quot;:10,&quot;sizes&quot;:[]},&quot;link_to&quot;:&quot;file&quot;,&quot;overlay_background&quot;:&quot;yes&quot;,&quot;content_hover_animation&quot;:&quot;fade-in&quot;}\" data-widget_type=\"gallery.default\">\n\t\t\t\t<div class=\"elementor-widget-container\">\n\t\t\t\t\t\t\t\t<div class=\"elementor-gallery__titles-container e--pointer-underline e--animation-fade\" aria-label=\"Filtre de galerie\">\n\t\t\t\t\n\t\t\t\t\t\t\t\t\t<a class=\"elementor-item elementor-gallery-title\" role=\"button\" tabindex=\"0\" data-gallery-index=\"0\">\n\t\t\t\t\t\t\t\t\t\t\t<\/a>\n\t\t\t\t\t\t\t\t<\/div>\n\t\t\t\t\t<div class=\"elementor-gallery__container\">\n\t\t\t\t\t\t\t<a class=\"e-gallery-item elementor-gallery-item elementor-animated-content\" data-e-gallery-tags=\"0\" href=\"https:\/\/boiteakdo.com\/wp-content\/uploads\/2022\/07\/WhatsApp-Image-2022-06-20-at-21.08.33.jpeg\" data-elementor-open-lightbox=\"yes\" data-elementor-lightbox-slideshow=\"20ed2ba\" data-elementor-lightbox-title=\"WhatsApp Image 2022-06-20 at 21.08.33\" data-e-action-hash=\"#elementor-action%3Aaction%3Dlightbox%26settings%3DeyJpZCI6NzE4LCJ1cmwiOiJodHRwczpcL1wvYm9pdGVha2RvLmNvbVwvd3AtY29udGVudFwvdXBsb2Fkc1wvMjAyMlwvMDdcL1doYXRzQXBwLUltYWdlLTIwMjItMDYtMjAtYXQtMjEuMDguMzMuanBlZyIsInNsaWRlc2hvdyI6IjIwZWQyYmEifQ%3D%3D\">\n\t\t\t\t\t<div class=\"e-gallery-image elementor-gallery-item__image\" data-thumbnail=\"https:\/\/boiteakdo.com\/wp-content\/uploads\/2022\/07\/WhatsApp-Image-2022-06-20-at-21.08.33.jpeg\" data-width=\"1500\" data-height=\"2000\" aria-label=\"\" role=\"img\" ><\/div>\n\t\t\t\t\t\t\t\t\t\t\t<div class=\"elementor-gallery-item__overlay\"><\/div>\n\t\t\t\t\t\t\t\t\t\t\t\t\t\t\t<div class=\"elementor-gallery-item__content\">\n\t\t\t\t\t\t\t\t\t\t\t<\/div>\n\t\t\t\t\t\t\t\t\t<\/a>\n\t\t\t\t\t\t\t<a class=\"e-gallery-item elementor-gallery-item elementor-animated-content\" data-e-gallery-tags=\"0\" href=\"https:\/\/boiteakdo.com\/wp-content\/uploads\/2022\/07\/WhatsApp-Image-2022-06-20-at-21.08.34-1.jpeg\" data-elementor-open-lightbox=\"yes\" data-elementor-lightbox-slideshow=\"20ed2ba\" data-elementor-lightbox-title=\"WhatsApp Image 2022-06-20 at 21.08.34 (1)\" data-e-action-hash=\"#elementor-action%3Aaction%3Dlightbox%26settings%3DeyJpZCI6NzE5LCJ1cmwiOiJodHRwczpcL1wvYm9pdGVha2RvLmNvbVwvd3AtY29udGVudFwvdXBsb2Fkc1wvMjAyMlwvMDdcL1doYXRzQXBwLUltYWdlLTIwMjItMDYtMjAtYXQtMjEuMDguMzQtMS5qcGVnIiwic2xpZGVzaG93IjoiMjBlZDJiYSJ9\">\n\t\t\t\t\t<div class=\"e-gallery-image elementor-gallery-item__image\" data-thumbnail=\"https:\/\/boiteakdo.com\/wp-content\/uploads\/2022\/07\/WhatsApp-Image-2022-06-20-at-21.08.34-1.jpeg\" data-width=\"1500\" data-height=\"2000\" aria-label=\"\" role=\"img\" ><\/div>\n\t\t\t\t\t\t\t\t\t\t\t<div class=\"elementor-gallery-item__overlay\"><\/div>\n\t\t\t\t\t\t\t\t\t\t\t\t\t\t\t<div class=\"elementor-gallery-item__content\">\n\t\t\t\t\t\t\t\t\t\t\t<\/div>\n\t\t\t\t\t\t\t\t\t<\/a>\n\t\t\t\t\t\t\t<a class=\"e-gallery-item elementor-gallery-item elementor-animated-content\" data-e-gallery-tags=\"0\" href=\"https:\/\/boiteakdo.com\/wp-content\/uploads\/2022\/07\/WhatsApp-Image-2022-06-20-at-21.08.34-2.jpeg\" data-elementor-open-lightbox=\"yes\" data-elementor-lightbox-slideshow=\"20ed2ba\" data-elementor-lightbox-title=\"WhatsApp Image 2022-06-20 at 21.08.34 (2)\" data-e-action-hash=\"#elementor-action%3Aaction%3Dlightbox%26settings%3DeyJpZCI6NzIwLCJ1cmwiOiJodHRwczpcL1wvYm9pdGVha2RvLmNvbVwvd3AtY29udGVudFwvdXBsb2Fkc1wvMjAyMlwvMDdcL1doYXRzQXBwLUltYWdlLTIwMjItMDYtMjAtYXQtMjEuMDguMzQtMi5qcGVnIiwic2xpZGVzaG93IjoiMjBlZDJiYSJ9\">\n\t\t\t\t\t<div class=\"e-gallery-image elementor-gallery-item__image\" data-thumbnail=\"https:\/\/boiteakdo.com\/wp-content\/uploads\/2022\/07\/WhatsApp-Image-2022-06-20-at-21.08.34-2.jpeg\" data-width=\"921\" data-height=\"2048\" aria-label=\"\" role=\"img\" ><\/div>\n\t\t\t\t\t\t\t\t\t\t\t<div class=\"elementor-gallery-item__overlay\"><\/div>\n\t\t\t\t\t\t\t\t\t\t\t\t\t\t\t<div class=\"elementor-gallery-item__content\">\n\t\t\t\t\t\t\t\t\t\t\t<\/div>\n\t\t\t\t\t\t\t\t\t<\/a>\n\t\t\t\t\t\t\t<a class=\"e-gallery-item elementor-gallery-item elementor-animated-content\" data-e-gallery-tags=\"0\" href=\"https:\/\/boiteakdo.com\/wp-content\/uploads\/2022\/07\/WhatsApp-Image-2022-06-20-at-21.08.34-3.jpeg\" data-elementor-open-lightbox=\"yes\" data-elementor-lightbox-slideshow=\"20ed2ba\" data-elementor-lightbox-title=\"WhatsApp Image 2022-06-20 at 21.08.34 (3)\" data-e-action-hash=\"#elementor-action%3Aaction%3Dlightbox%26settings%3DeyJpZCI6NzIxLCJ1cmwiOiJodHRwczpcL1wvYm9pdGVha2RvLmNvbVwvd3AtY29udGVudFwvdXBsb2Fkc1wvMjAyMlwvMDdcL1doYXRzQXBwLUltYWdlLTIwMjItMDYtMjAtYXQtMjEuMDguMzQtMy5qcGVnIiwic2xpZGVzaG93IjoiMjBlZDJiYSJ9\">\n\t\t\t\t\t<div class=\"e-gallery-image elementor-gallery-item__image\" data-thumbnail=\"https:\/\/boiteakdo.com\/wp-content\/uploads\/2022\/07\/WhatsApp-Image-2022-06-20-at-21.08.34-3.jpeg\" data-width=\"921\" data-height=\"2048\" aria-label=\"\" role=\"img\" ><\/div>\n\t\t\t\t\t\t\t\t\t\t\t<div class=\"elementor-gallery-item__overlay\"><\/div>\n\t\t\t\t\t\t\t\t\t\t\t\t\t\t\t<div class=\"elementor-gallery-item__content\">\n\t\t\t\t\t\t\t\t\t\t\t<\/div>\n\t\t\t\t\t\t\t\t\t<\/a>\n\t\t\t\t\t\t\t<a class=\"e-gallery-item elementor-gallery-item elementor-animated-content\" data-e-gallery-tags=\"0\" href=\"https:\/\/boiteakdo.com\/wp-content\/uploads\/2022\/07\/WhatsApp-Image-2022-06-20-at-21.08.34-4.jpeg\" data-elementor-open-lightbox=\"yes\" data-elementor-lightbox-slideshow=\"20ed2ba\" data-elementor-lightbox-title=\"WhatsApp Image 2022-06-20 at 21.08.34 (4)\" data-e-action-hash=\"#elementor-action%3Aaction%3Dlightbox%26settings%3DeyJpZCI6NzIyLCJ1cmwiOiJodHRwczpcL1wvYm9pdGVha2RvLmNvbVwvd3AtY29udGVudFwvdXBsb2Fkc1wvMjAyMlwvMDdcL1doYXRzQXBwLUltYWdlLTIwMjItMDYtMjAtYXQtMjEuMDguMzQtNC5qcGVnIiwic2xpZGVzaG93IjoiMjBlZDJiYSJ9\">\n\t\t\t\t\t<div class=\"e-gallery-image elementor-gallery-item__image\" data-thumbnail=\"https:\/\/boiteakdo.com\/wp-content\/uploads\/2022\/07\/WhatsApp-Image-2022-06-20-at-21.08.34-4.jpeg\" data-width=\"1080\" data-height=\"1091\" aria-label=\"\" role=\"img\" ><\/div>\n\t\t\t\t\t\t\t\t\t\t\t<div class=\"elementor-gallery-item__overlay\"><\/div>\n\t\t\t\t\t\t\t\t\t\t\t\t\t\t\t<div class=\"elementor-gallery-item__content\">\n\t\t\t\t\t\t\t\t\t\t\t<\/div>\n\t\t\t\t\t\t\t\t\t<\/a>\n\t\t\t\t\t\t\t<a class=\"e-gallery-item elementor-gallery-item elementor-animated-content\" data-e-gallery-tags=\"0\" href=\"https:\/\/boiteakdo.com\/wp-content\/uploads\/2022\/07\/WhatsApp-Image-2022-06-20-at-21.08.34-5.jpeg\" data-elementor-open-lightbox=\"yes\" data-elementor-lightbox-slideshow=\"20ed2ba\" data-elementor-lightbox-title=\"WhatsApp Image 2022-06-20 at 21.08.34\" data-e-action-hash=\"#elementor-action%3Aaction%3Dlightbox%26settings%3DeyJpZCI6NzIzLCJ1cmwiOiJodHRwczpcL1wvYm9pdGVha2RvLmNvbVwvd3AtY29udGVudFwvdXBsb2Fkc1wvMjAyMlwvMDdcL1doYXRzQXBwLUltYWdlLTIwMjItMDYtMjAtYXQtMjEuMDguMzQtNS5qcGVnIiwic2xpZGVzaG93IjoiMjBlZDJiYSJ9\">\n\t\t\t\t\t<div class=\"e-gallery-image elementor-gallery-item__image\" data-thumbnail=\"https:\/\/boiteakdo.com\/wp-content\/uploads\/2022\/07\/WhatsApp-Image-2022-06-20-at-21.08.34-5.jpeg\" data-width=\"1500\" data-height=\"2000\" aria-label=\"\" role=\"img\" ><\/div>\n\t\t\t\t\t\t\t\t\t\t\t<div class=\"elementor-gallery-item__overlay\"><\/div>\n\t\t\t\t\t\t\t\t\t\t\t\t\t\t\t<div class=\"elementor-gallery-item__content\">\n\t\t\t\t\t\t\t\t\t\t\t<\/div>\n\t\t\t\t\t\t\t\t\t<\/a>\n\t\t\t\t\t\t\t<a class=\"e-gallery-item elementor-gallery-item elementor-animated-content\" data-e-gallery-tags=\"0\" href=\"https:\/\/boiteakdo.com\/wp-content\/uploads\/2022\/07\/WhatsApp-Image-2022-06-20-at-21.08.35-1.jpeg\" data-elementor-open-lightbox=\"yes\" data-elementor-lightbox-slideshow=\"20ed2ba\" data-elementor-lightbox-title=\"WhatsApp Image 2022-06-20 at 21.08.35 (1)\" data-e-action-hash=\"#elementor-action%3Aaction%3Dlightbox%26settings%3DeyJpZCI6NzI0LCJ1cmwiOiJodHRwczpcL1wvYm9pdGVha2RvLmNvbVwvd3AtY29udGVudFwvdXBsb2Fkc1wvMjAyMlwvMDdcL1doYXRzQXBwLUltYWdlLTIwMjItMDYtMjAtYXQtMjEuMDguMzUtMS5qcGVnIiwic2xpZGVzaG93IjoiMjBlZDJiYSJ9\">\n\t\t\t\t\t<div class=\"e-gallery-image elementor-gallery-item__image\" data-thumbnail=\"https:\/\/boiteakdo.com\/wp-content\/uploads\/2022\/07\/WhatsApp-Image-2022-06-20-at-21.08.35-1.jpeg\" data-width=\"1500\" data-height=\"2000\" aria-label=\"\" role=\"img\" ><\/div>\n\t\t\t\t\t\t\t\t\t\t\t<div class=\"elementor-gallery-item__overlay\"><\/div>\n\t\t\t\t\t\t\t\t\t\t\t\t\t\t\t<div class=\"elementor-gallery-item__content\">\n\t\t\t\t\t\t\t\t\t\t\t<\/div>\n\t\t\t\t\t\t\t\t\t<\/a>\n\t\t\t\t\t\t\t<a class=\"e-gallery-item elementor-gallery-item elementor-animated-content\" data-e-gallery-tags=\"0\" href=\"https:\/\/boiteakdo.com\/wp-content\/uploads\/2022\/07\/WhatsApp-Image-2022-06-20-at-21.08.35-2.jpeg\" data-elementor-open-lightbox=\"yes\" data-elementor-lightbox-slideshow=\"20ed2ba\" data-elementor-lightbox-title=\"WhatsApp Image 2022-06-20 at 21.08.35 (2)\" data-e-action-hash=\"#elementor-action%3Aaction%3Dlightbox%26settings%3DeyJpZCI6NzI1LCJ1cmwiOiJodHRwczpcL1wvYm9pdGVha2RvLmNvbVwvd3AtY29udGVudFwvdXBsb2Fkc1wvMjAyMlwvMDdcL1doYXRzQXBwLUltYWdlLTIwMjItMDYtMjAtYXQtMjEuMDguMzUtMi5qcGVnIiwic2xpZGVzaG93IjoiMjBlZDJiYSJ9\">\n\t\t\t\t\t<div class=\"e-gallery-image elementor-gallery-item__image\" data-thumbnail=\"https:\/\/boiteakdo.com\/wp-content\/uploads\/2022\/07\/WhatsApp-Image-2022-06-20-at-21.08.35-2.jpeg\" data-width=\"1080\" data-height=\"1430\" aria-label=\"\" role=\"img\" ><\/div>\n\t\t\t\t\t\t\t\t\t\t\t<div class=\"elementor-gallery-item__overlay\"><\/div>\n\t\t\t\t\t\t\t\t\t\t\t\t\t\t\t<div class=\"elementor-gallery-item__content\">\n\t\t\t\t\t\t\t\t\t\t\t<\/div>\n\t\t\t\t\t\t\t\t\t<\/a>\n\t\t\t\t\t\t\t<a class=\"e-gallery-item elementor-gallery-item elementor-animated-content\" data-e-gallery-tags=\"0\" href=\"https:\/\/boiteakdo.com\/wp-content\/uploads\/2022\/07\/WhatsApp-Image-2022-06-20-at-21.08.35-3.jpeg\" data-elementor-open-lightbox=\"yes\" data-elementor-lightbox-slideshow=\"20ed2ba\" data-elementor-lightbox-title=\"WhatsApp Image 2022-06-20 at 21.08.35 (3)\" data-e-action-hash=\"#elementor-action%3Aaction%3Dlightbox%26settings%3DeyJpZCI6NzI2LCJ1cmwiOiJodHRwczpcL1wvYm9pdGVha2RvLmNvbVwvd3AtY29udGVudFwvdXBsb2Fkc1wvMjAyMlwvMDdcL1doYXRzQXBwLUltYWdlLTIwMjItMDYtMjAtYXQtMjEuMDguMzUtMy5qcGVnIiwic2xpZGVzaG93IjoiMjBlZDJiYSJ9\">\n\t\t\t\t\t<div class=\"e-gallery-image elementor-gallery-item__image\" data-thumbnail=\"https:\/\/boiteakdo.com\/wp-content\/uploads\/2022\/07\/WhatsApp-Image-2022-06-20-at-21.08.35-3.jpeg\" data-width=\"1080\" data-height=\"1332\" aria-label=\"\" role=\"img\" ><\/div>\n\t\t\t\t\t\t\t\t\t\t\t<div class=\"elementor-gallery-item__overlay\"><\/div>\n\t\t\t\t\t\t\t\t\t\t\t\t\t\t\t<div class=\"elementor-gallery-item__content\">\n\t\t\t\t\t\t\t\t\t\t\t<\/div>\n\t\t\t\t\t\t\t\t\t<\/a>\n\t\t\t\t\t\t\t<a class=\"e-gallery-item elementor-gallery-item elementor-animated-content\" data-e-gallery-tags=\"0\" href=\"https:\/\/boiteakdo.com\/wp-content\/uploads\/2022\/07\/WhatsApp-Image-2022-06-20-at-21.08.35-4.jpeg\" data-elementor-open-lightbox=\"yes\" data-elementor-lightbox-slideshow=\"20ed2ba\" data-elementor-lightbox-title=\"WhatsApp Image 2022-06-20 at 21.08.35 (4)\" data-e-action-hash=\"#elementor-action%3Aaction%3Dlightbox%26settings%3DeyJpZCI6NzI3LCJ1cmwiOiJodHRwczpcL1wvYm9pdGVha2RvLmNvbVwvd3AtY29udGVudFwvdXBsb2Fkc1wvMjAyMlwvMDdcL1doYXRzQXBwLUltYWdlLTIwMjItMDYtMjAtYXQtMjEuMDguMzUtNC5qcGVnIiwic2xpZGVzaG93IjoiMjBlZDJiYSJ9\">\n\t\t\t\t\t<div class=\"e-gallery-image elementor-gallery-item__image\" data-thumbnail=\"https:\/\/boiteakdo.com\/wp-content\/uploads\/2022\/07\/WhatsApp-Image-2022-06-20-at-21.08.35-4.jpeg\" data-width=\"1125\" data-height=\"2000\" aria-label=\"\" role=\"img\" ><\/div>\n\t\t\t\t\t\t\t\t\t\t\t<div class=\"elementor-gallery-item__overlay\"><\/div>\n\t\t\t\t\t\t\t\t\t\t\t\t\t\t\t<div class=\"elementor-gallery-item__content\">\n\t\t\t\t\t\t\t\t\t\t\t<\/div>\n\t\t\t\t\t\t\t\t\t<\/a>\n\t\t\t\t\t\t\t<a class=\"e-gallery-item elementor-gallery-item elementor-animated-content\" data-e-gallery-tags=\"0\" href=\"https:\/\/boiteakdo.com\/wp-content\/uploads\/2022\/07\/WhatsApp-Image-2022-06-20-at-21.08.35.jpeg\" data-elementor-open-lightbox=\"yes\" data-elementor-lightbox-slideshow=\"20ed2ba\" data-elementor-lightbox-title=\"WhatsApp Image 2022-06-20 at 21.08.35\" data-e-action-hash=\"#elementor-action%3Aaction%3Dlightbox%26settings%3DeyJpZCI6NzI4LCJ1cmwiOiJodHRwczpcL1wvYm9pdGVha2RvLmNvbVwvd3AtY29udGVudFwvdXBsb2Fkc1wvMjAyMlwvMDdcL1doYXRzQXBwLUltYWdlLTIwMjItMDYtMjAtYXQtMjEuMDguMzUuanBlZyIsInNsaWRlc2hvdyI6IjIwZWQyYmEifQ%3D%3D\">\n\t\t\t\t\t<div class=\"e-gallery-image elementor-gallery-item__image\" data-thumbnail=\"https:\/\/boiteakdo.com\/wp-content\/uploads\/2022\/07\/WhatsApp-Image-2022-06-20-at-21.08.35.jpeg\" data-width=\"1500\" data-height=\"2000\" aria-label=\"\" role=\"img\" ><\/div>\n\t\t\t\t\t\t\t\t\t\t\t<div class=\"elementor-gallery-item__overlay\"><\/div>\n\t\t\t\t\t\t\t\t\t\t\t\t\t\t\t<div class=\"elementor-gallery-item__content\">\n\t\t\t\t\t\t\t\t\t\t\t<\/div>\n\t\t\t\t\t\t\t\t\t<\/a>\n\t\t\t\t\t\t\t<a class=\"e-gallery-item elementor-gallery-item elementor-animated-content\" data-e-gallery-tags=\"0\" href=\"https:\/\/boiteakdo.com\/wp-content\/uploads\/2022\/07\/WhatsApp-Image-2022-06-20-at-21.08.36.jpeg\" data-elementor-open-lightbox=\"yes\" data-elementor-lightbox-slideshow=\"20ed2ba\" data-elementor-lightbox-title=\"WhatsApp Image 2022-06-20 at 21.08.36\" data-e-action-hash=\"#elementor-action%3Aaction%3Dlightbox%26settings%3DeyJpZCI6NzI5LCJ1cmwiOiJodHRwczpcL1wvYm9pdGVha2RvLmNvbVwvd3AtY29udGVudFwvdXBsb2Fkc1wvMjAyMlwvMDdcL1doYXRzQXBwLUltYWdlLTIwMjItMDYtMjAtYXQtMjEuMDguMzYuanBlZyIsInNsaWRlc2hvdyI6IjIwZWQyYmEifQ%3D%3D\">\n\t\t\t\t\t<div class=\"e-gallery-image elementor-gallery-item__image\" data-thumbnail=\"https:\/\/boiteakdo.com\/wp-content\/uploads\/2022\/07\/WhatsApp-Image-2022-06-20-at-21.08.36.jpeg\" data-width=\"1125\" data-height=\"2000\" aria-label=\"\" role=\"img\" ><\/div>\n\t\t\t\t\t\t\t\t\t\t\t<div class=\"elementor-gallery-item__overlay\"><\/div>\n\t\t\t\t\t\t\t\t\t\t\t\t\t\t\t<div class=\"elementor-gallery-item__content\">\n\t\t\t\t\t\t\t\t\t\t\t<\/div>\n\t\t\t\t\t\t\t\t\t<\/a>\n\t\t\t\t\t<\/div>\n\t\t\t\t\t<\/div>\n\t\t\t\t<\/div>\n\t\t\t\t\t<\/div>\n\t\t<\/div>\n\t\t\t\t\t<\/div>\n\t\t<\/section>\n\t\t\t\t<\/div>\n\t\t","protected":false},"excerpt":{"rendered":"<p>Doudous et \u00e9l\u00e9phant personnalisables Diff\u00e9rents types de doudous et \u00e9l\u00e9phants de couleurs et style diff\u00e9rents personnalisables Passer commande<\/p>\n","protected":false},"author":2,"featured_media":0,"parent":0,"menu_order":0,"comment_status":"closed","ping_status":"closed","template":"","meta":{"footnotes":""},"class_list":["post-165","page","type-page","status-publish","hentry"],"_links":{"self":[{"href":"https:\/\/boiteakdo.com\/index.php\/wp-json\/wp\/v2\/pages\/165","targetHints":{"allow":["GET"]}}],"collection":[{"href":"https:\/\/boiteakdo.com\/index.php\/wp-json\/wp\/v2\/pages"}],"about":[{"href":"https:\/\/boiteakdo.com\/index.php\/wp-json\/wp\/v2\/types\/page"}],"author":[{"embeddable":true,"href":"https:\/\/boiteakdo.com\/index.php\/wp-json\/wp\/v2\/users\/2"}],"replies":[{"embeddable":true,"href":"https:\/\/boiteakdo.com\/index.php\/wp-json\/wp\/v2\/comments?post=165"}],"version-history":[{"count":10,"href":"https:\/\/boiteakdo.com\/index.php\/wp-json\/wp\/v2\/pages\/165\/revisions"}],"predecessor-version":[{"id":940,"href":"https:\/\/boiteakdo.com\/index.php\/wp-json\/wp\/v2\/pages\/165\/revisions\/940"}],"wp:attachment":[{"href":"https:\/\/boiteakdo.com\/index.php\/wp-json\/wp\/v2\/media?parent=165"}],"curies":[{"name":"wp","href":"https:\/\/api.w.org\/{rel}","templated":true}]}}