{"id":172,"date":"2022-06-29T10:20:02","date_gmt":"2022-06-29T08:20:02","guid":{"rendered":"https:\/\/boiteakdo.com\/?page_id=172"},"modified":"2022-07-05T13:22:34","modified_gmt":"2022-07-05T11:22:34","slug":"lampes-led","status":"publish","type":"page","link":"https:\/\/boiteakdo.com\/index.php\/lampes-led\/","title":{"rendered":"Lampes led"},"content":{"rendered":"\t\t<div data-elementor-type=\"wp-page\" data-elementor-id=\"172\" class=\"elementor elementor-172\" data-elementor-post-type=\"page\">\n\t\t\t\t\t\t<section class=\"elementor-section elementor-top-section elementor-element elementor-element-5bbf8678 elementor-section-boxed elementor-section-height-default elementor-section-height-default\" data-id=\"5bbf8678\" data-element_type=\"section\" data-settings=\"{&quot;background_background&quot;:&quot;classic&quot;}\">\n\t\t\t\t\t\t\t<div class=\"elementor-background-overlay\"><\/div>\n\t\t\t\t\t\t\t<div class=\"elementor-container elementor-column-gap-default\">\n\t\t\t\t\t<div class=\"elementor-column elementor-col-100 elementor-top-column elementor-element elementor-element-5a553833\" data-id=\"5a553833\" data-element_type=\"column\">\n\t\t\t<div class=\"elementor-widget-wrap elementor-element-populated\">\n\t\t\t\t\t\t<div class=\"elementor-element elementor-element-d08fad0 elementor-widget elementor-widget-heading\" data-id=\"d08fad0\" data-element_type=\"widget\" data-widget_type=\"heading.default\">\n\t\t\t\t<div class=\"elementor-widget-container\">\n\t\t\t\t\t<h2 class=\"elementor-heading-title elementor-size-default\">Lampes Led<\/h2>\t\t\t\t<\/div>\n\t\t\t\t<\/div>\n\t\t\t\t<div class=\"elementor-element elementor-element-5dc6990d elementor-widget__width-initial elementor-widget elementor-widget-text-editor\" data-id=\"5dc6990d\" data-element_type=\"widget\" data-widget_type=\"text-editor.default\">\n\t\t\t\t<div class=\"elementor-widget-container\">\n\t\t\t\t\t\t\t\t\t<p>Nos lampes led sont enti\u00e8rement personnalisables, d\u00e9cidez du style et de la gravure pour passer de bonnes nuits et faire de beaux r\u00eaves !<\/p>\t\t\t\t\t\t\t\t<\/div>\n\t\t\t\t<\/div>\n\t\t\t\t<div class=\"elementor-element elementor-element-aa05c89 elementor-align-center elementor-widget elementor-widget-button\" data-id=\"aa05c89\" data-element_type=\"widget\" data-widget_type=\"button.default\">\n\t\t\t\t<div class=\"elementor-widget-container\">\n\t\t\t\t\t\t\t\t\t<div class=\"elementor-button-wrapper\">\n\t\t\t\t\t<a class=\"elementor-button elementor-button-link elementor-size-sm elementor-animation-grow\" href=\"https:\/\/boiteakdo.com\/index.php\/contact\/\">\n\t\t\t\t\t\t<span class=\"elementor-button-content-wrapper\">\n\t\t\t\t\t\t\t\t\t<span class=\"elementor-button-text\">Passer commande<\/span>\n\t\t\t\t\t<\/span>\n\t\t\t\t\t<\/a>\n\t\t\t\t<\/div>\n\t\t\t\t\t\t\t\t<\/div>\n\t\t\t\t<\/div>\n\t\t\t\t\t<\/div>\n\t\t<\/div>\n\t\t\t\t\t<\/div>\n\t\t<\/section>\n\t\t\t\t<section class=\"elementor-section elementor-top-section elementor-element elementor-element-6b3834d6 elementor-section-boxed elementor-section-height-default elementor-section-height-default\" data-id=\"6b3834d6\" data-element_type=\"section\">\n\t\t\t\t\t\t<div class=\"elementor-container elementor-column-gap-default\">\n\t\t\t\t\t<div class=\"elementor-column elementor-col-100 elementor-top-column elementor-element elementor-element-693ff88\" data-id=\"693ff88\" data-element_type=\"column\">\n\t\t\t<div class=\"elementor-widget-wrap elementor-element-populated\">\n\t\t\t\t\t\t<div class=\"elementor-element elementor-element-12672d18 elementor-widget elementor-widget-gallery\" data-id=\"12672d18\" data-element_type=\"widget\" data-settings=\"{&quot;columns&quot;:5,&quot;columns_tablet&quot;:3,&quot;overlay_description&quot;:&quot;caption&quot;,&quot;gallery_layout&quot;:&quot;masonry&quot;,&quot;columns_mobile&quot;:3,&quot;gap&quot;:{&quot;unit&quot;:&quot;px&quot;,&quot;size&quot;:8,&quot;sizes&quot;:[]},&quot;lazyload&quot;:&quot;yes&quot;,&quot;gap_tablet&quot;:{&quot;unit&quot;:&quot;px&quot;,&quot;size&quot;:10,&quot;sizes&quot;:[]},&quot;gap_mobile&quot;:{&quot;unit&quot;:&quot;px&quot;,&quot;size&quot;:10,&quot;sizes&quot;:[]},&quot;link_to&quot;:&quot;file&quot;,&quot;overlay_background&quot;:&quot;yes&quot;,&quot;content_hover_animation&quot;:&quot;fade-in&quot;}\" data-widget_type=\"gallery.default\">\n\t\t\t\t<div class=\"elementor-widget-container\">\n\t\t\t\t\t\t\t\t<div class=\"elementor-gallery__titles-container e--pointer-underline e--animation-fade\" aria-label=\"Filtre de galerie\">\n\t\t\t\t\n\t\t\t\t\t\t\t\t\t<a class=\"elementor-item elementor-gallery-title\" role=\"button\" tabindex=\"0\" data-gallery-index=\"0\">\n\t\t\t\t\t\t\t\t\t\t\t<\/a>\n\t\t\t\t\t\t\t\t<\/div>\n\t\t\t\t\t<div class=\"elementor-gallery__container\">\n\t\t\t\t\t\t\t<a class=\"e-gallery-item elementor-gallery-item elementor-animated-content\" data-e-gallery-tags=\"0\" href=\"https:\/\/boiteakdo.com\/wp-content\/uploads\/2022\/07\/WhatsApp-Image-2022-06-20-at-21.12.10-1.jpeg\" data-elementor-open-lightbox=\"yes\" data-elementor-lightbox-slideshow=\"12672d18\" data-elementor-lightbox-title=\"WhatsApp Image 2022-06-20 at 21.12.10 (1)\" data-e-action-hash=\"#elementor-action%3Aaction%3Dlightbox%26settings%3DeyJpZCI6Nzc1LCJ1cmwiOiJodHRwczpcL1wvYm9pdGVha2RvLmNvbVwvd3AtY29udGVudFwvdXBsb2Fkc1wvMjAyMlwvMDdcL1doYXRzQXBwLUltYWdlLTIwMjItMDYtMjAtYXQtMjEuMTIuMTAtMS5qcGVnIiwic2xpZGVzaG93IjoiMTI2NzJkMTgifQ%3D%3D\">\n\t\t\t\t\t<div class=\"e-gallery-image elementor-gallery-item__image\" data-thumbnail=\"https:\/\/boiteakdo.com\/wp-content\/uploads\/2022\/07\/WhatsApp-Image-2022-06-20-at-21.12.10-1.jpeg\" data-width=\"1125\" data-height=\"2000\" aria-label=\"\" role=\"img\" ><\/div>\n\t\t\t\t\t\t\t\t\t\t\t<div class=\"elementor-gallery-item__overlay\"><\/div>\n\t\t\t\t\t\t\t\t\t\t\t\t\t\t\t<div class=\"elementor-gallery-item__content\">\n\t\t\t\t\t\t\t\t\t\t\t<\/div>\n\t\t\t\t\t\t\t\t\t<\/a>\n\t\t\t\t\t\t\t<a class=\"e-gallery-item elementor-gallery-item elementor-animated-content\" data-e-gallery-tags=\"0\" href=\"https:\/\/boiteakdo.com\/wp-content\/uploads\/2022\/07\/WhatsApp-Image-2022-06-20-at-21.12.10-2.jpeg\" data-elementor-open-lightbox=\"yes\" data-elementor-lightbox-slideshow=\"12672d18\" data-elementor-lightbox-title=\"WhatsApp Image 2022-06-20 at 21.12.10 (2)\" data-e-action-hash=\"#elementor-action%3Aaction%3Dlightbox%26settings%3DeyJpZCI6Nzc2LCJ1cmwiOiJodHRwczpcL1wvYm9pdGVha2RvLmNvbVwvd3AtY29udGVudFwvdXBsb2Fkc1wvMjAyMlwvMDdcL1doYXRzQXBwLUltYWdlLTIwMjItMDYtMjAtYXQtMjEuMTIuMTAtMi5qcGVnIiwic2xpZGVzaG93IjoiMTI2NzJkMTgifQ%3D%3D\">\n\t\t\t\t\t<div class=\"e-gallery-image elementor-gallery-item__image\" data-thumbnail=\"https:\/\/boiteakdo.com\/wp-content\/uploads\/2022\/07\/WhatsApp-Image-2022-06-20-at-21.12.10-2.jpeg\" data-width=\"1125\" data-height=\"2000\" aria-label=\"\" role=\"img\" ><\/div>\n\t\t\t\t\t\t\t\t\t\t\t<div class=\"elementor-gallery-item__overlay\"><\/div>\n\t\t\t\t\t\t\t\t\t\t\t\t\t\t\t<div class=\"elementor-gallery-item__content\">\n\t\t\t\t\t\t\t\t\t\t\t<\/div>\n\t\t\t\t\t\t\t\t\t<\/a>\n\t\t\t\t\t\t\t<a class=\"e-gallery-item elementor-gallery-item elementor-animated-content\" data-e-gallery-tags=\"0\" href=\"https:\/\/boiteakdo.com\/wp-content\/uploads\/2022\/07\/WhatsApp-Image-2022-06-20-at-21.12.10.jpeg\" data-elementor-open-lightbox=\"yes\" data-elementor-lightbox-slideshow=\"12672d18\" data-elementor-lightbox-title=\"WhatsApp Image 2022-06-20 at 21.12.10\" data-e-action-hash=\"#elementor-action%3Aaction%3Dlightbox%26settings%3DeyJpZCI6Nzc3LCJ1cmwiOiJodHRwczpcL1wvYm9pdGVha2RvLmNvbVwvd3AtY29udGVudFwvdXBsb2Fkc1wvMjAyMlwvMDdcL1doYXRzQXBwLUltYWdlLTIwMjItMDYtMjAtYXQtMjEuMTIuMTAuanBlZyIsInNsaWRlc2hvdyI6IjEyNjcyZDE4In0%3D\">\n\t\t\t\t\t<div class=\"e-gallery-image elementor-gallery-item__image\" data-thumbnail=\"https:\/\/boiteakdo.com\/wp-content\/uploads\/2022\/07\/WhatsApp-Image-2022-06-20-at-21.12.10.jpeg\" data-width=\"1125\" data-height=\"2000\" aria-label=\"\" role=\"img\" ><\/div>\n\t\t\t\t\t\t\t\t\t\t\t<div class=\"elementor-gallery-item__overlay\"><\/div>\n\t\t\t\t\t\t\t\t\t\t\t\t\t\t\t<div class=\"elementor-gallery-item__content\">\n\t\t\t\t\t\t\t\t\t\t\t<\/div>\n\t\t\t\t\t\t\t\t\t<\/a>\n\t\t\t\t\t\t\t<a class=\"e-gallery-item elementor-gallery-item elementor-animated-content\" data-e-gallery-tags=\"0\" href=\"https:\/\/boiteakdo.com\/wp-content\/uploads\/2022\/07\/WhatsApp-Image-2022-06-20-at-21.12.11-1-1.jpeg\" data-elementor-open-lightbox=\"yes\" data-elementor-lightbox-slideshow=\"12672d18\" data-elementor-lightbox-title=\"WhatsApp Image 2022-06-20 at 21.12.11 (1)\" data-e-action-hash=\"#elementor-action%3Aaction%3Dlightbox%26settings%3DeyJpZCI6Nzc4LCJ1cmwiOiJodHRwczpcL1wvYm9pdGVha2RvLmNvbVwvd3AtY29udGVudFwvdXBsb2Fkc1wvMjAyMlwvMDdcL1doYXRzQXBwLUltYWdlLTIwMjItMDYtMjAtYXQtMjEuMTIuMTEtMS0xLmpwZWciLCJzbGlkZXNob3ciOiIxMjY3MmQxOCJ9\">\n\t\t\t\t\t<div class=\"e-gallery-image elementor-gallery-item__image\" data-thumbnail=\"https:\/\/boiteakdo.com\/wp-content\/uploads\/2022\/07\/WhatsApp-Image-2022-06-20-at-21.12.11-1-1.jpeg\" data-width=\"1125\" data-height=\"2000\" aria-label=\"\" role=\"img\" ><\/div>\n\t\t\t\t\t\t\t\t\t\t\t<div class=\"elementor-gallery-item__overlay\"><\/div>\n\t\t\t\t\t\t\t\t\t\t\t\t\t\t\t<div class=\"elementor-gallery-item__content\">\n\t\t\t\t\t\t\t\t\t\t\t<\/div>\n\t\t\t\t\t\t\t\t\t<\/a>\n\t\t\t\t\t\t\t<a class=\"e-gallery-item elementor-gallery-item elementor-animated-content\" data-e-gallery-tags=\"0\" href=\"https:\/\/boiteakdo.com\/wp-content\/uploads\/2022\/07\/WhatsApp-Image-2022-06-20-at-21.12.11-2-1.jpeg\" data-elementor-open-lightbox=\"yes\" data-elementor-lightbox-slideshow=\"12672d18\" data-elementor-lightbox-title=\"WhatsApp Image 2022-06-20 at 21.12.11 (2)\" data-e-action-hash=\"#elementor-action%3Aaction%3Dlightbox%26settings%3DeyJpZCI6Nzc5LCJ1cmwiOiJodHRwczpcL1wvYm9pdGVha2RvLmNvbVwvd3AtY29udGVudFwvdXBsb2Fkc1wvMjAyMlwvMDdcL1doYXRzQXBwLUltYWdlLTIwMjItMDYtMjAtYXQtMjEuMTIuMTEtMi0xLmpwZWciLCJzbGlkZXNob3ciOiIxMjY3MmQxOCJ9\">\n\t\t\t\t\t<div class=\"e-gallery-image elementor-gallery-item__image\" data-thumbnail=\"https:\/\/boiteakdo.com\/wp-content\/uploads\/2022\/07\/WhatsApp-Image-2022-06-20-at-21.12.11-2-1.jpeg\" data-width=\"1125\" data-height=\"2000\" aria-label=\"\" role=\"img\" ><\/div>\n\t\t\t\t\t\t\t\t\t\t\t<div class=\"elementor-gallery-item__overlay\"><\/div>\n\t\t\t\t\t\t\t\t\t\t\t\t\t\t\t<div class=\"elementor-gallery-item__content\">\n\t\t\t\t\t\t\t\t\t\t\t<\/div>\n\t\t\t\t\t\t\t\t\t<\/a>\n\t\t\t\t\t\t\t<a class=\"e-gallery-item elementor-gallery-item elementor-animated-content\" data-e-gallery-tags=\"0\" href=\"https:\/\/boiteakdo.com\/wp-content\/uploads\/2022\/07\/WhatsApp-Image-2022-06-20-at-21.12.11-3.jpeg\" data-elementor-open-lightbox=\"yes\" data-elementor-lightbox-slideshow=\"12672d18\" data-elementor-lightbox-title=\"WhatsApp Image 2022-06-20 at 21.12.11 (3)\" data-e-action-hash=\"#elementor-action%3Aaction%3Dlightbox%26settings%3DeyJpZCI6NzgwLCJ1cmwiOiJodHRwczpcL1wvYm9pdGVha2RvLmNvbVwvd3AtY29udGVudFwvdXBsb2Fkc1wvMjAyMlwvMDdcL1doYXRzQXBwLUltYWdlLTIwMjItMDYtMjAtYXQtMjEuMTIuMTEtMy5qcGVnIiwic2xpZGVzaG93IjoiMTI2NzJkMTgifQ%3D%3D\">\n\t\t\t\t\t<div class=\"e-gallery-image elementor-gallery-item__image\" data-thumbnail=\"https:\/\/boiteakdo.com\/wp-content\/uploads\/2022\/07\/WhatsApp-Image-2022-06-20-at-21.12.11-3.jpeg\" data-width=\"1125\" data-height=\"2000\" aria-label=\"\" role=\"img\" ><\/div>\n\t\t\t\t\t\t\t\t\t\t\t<div class=\"elementor-gallery-item__overlay\"><\/div>\n\t\t\t\t\t\t\t\t\t\t\t\t\t\t\t<div class=\"elementor-gallery-item__content\">\n\t\t\t\t\t\t\t\t\t\t\t<\/div>\n\t\t\t\t\t\t\t\t\t<\/a>\n\t\t\t\t\t\t\t<a class=\"e-gallery-item elementor-gallery-item elementor-animated-content\" data-e-gallery-tags=\"0\" href=\"https:\/\/boiteakdo.com\/wp-content\/uploads\/2022\/07\/WhatsApp-Image-2022-06-20-at-21.12.11-4.jpeg\" data-elementor-open-lightbox=\"yes\" data-elementor-lightbox-slideshow=\"12672d18\" data-elementor-lightbox-title=\"WhatsApp Image 2022-06-20 at 21.12.11 (4)\" data-e-action-hash=\"#elementor-action%3Aaction%3Dlightbox%26settings%3DeyJpZCI6NzgxLCJ1cmwiOiJodHRwczpcL1wvYm9pdGVha2RvLmNvbVwvd3AtY29udGVudFwvdXBsb2Fkc1wvMjAyMlwvMDdcL1doYXRzQXBwLUltYWdlLTIwMjItMDYtMjAtYXQtMjEuMTIuMTEtNC5qcGVnIiwic2xpZGVzaG93IjoiMTI2NzJkMTgifQ%3D%3D\">\n\t\t\t\t\t<div class=\"e-gallery-image elementor-gallery-item__image\" data-thumbnail=\"https:\/\/boiteakdo.com\/wp-content\/uploads\/2022\/07\/WhatsApp-Image-2022-06-20-at-21.12.11-4.jpeg\" data-width=\"1125\" data-height=\"2000\" aria-label=\"\" role=\"img\" ><\/div>\n\t\t\t\t\t\t\t\t\t\t\t<div class=\"elementor-gallery-item__overlay\"><\/div>\n\t\t\t\t\t\t\t\t\t\t\t\t\t\t\t<div class=\"elementor-gallery-item__content\">\n\t\t\t\t\t\t\t\t\t\t\t<\/div>\n\t\t\t\t\t\t\t\t\t<\/a>\n\t\t\t\t\t\t\t<a class=\"e-gallery-item elementor-gallery-item elementor-animated-content\" data-e-gallery-tags=\"0\" href=\"https:\/\/boiteakdo.com\/wp-content\/uploads\/2022\/07\/WhatsApp-Image-2022-06-20-at-21.12.11-5.jpeg\" data-elementor-open-lightbox=\"yes\" data-elementor-lightbox-slideshow=\"12672d18\" data-elementor-lightbox-title=\"WhatsApp Image 2022-06-20 at 21.12.11 (5)\" data-e-action-hash=\"#elementor-action%3Aaction%3Dlightbox%26settings%3DeyJpZCI6NzgyLCJ1cmwiOiJodHRwczpcL1wvYm9pdGVha2RvLmNvbVwvd3AtY29udGVudFwvdXBsb2Fkc1wvMjAyMlwvMDdcL1doYXRzQXBwLUltYWdlLTIwMjItMDYtMjAtYXQtMjEuMTIuMTEtNS5qcGVnIiwic2xpZGVzaG93IjoiMTI2NzJkMTgifQ%3D%3D\">\n\t\t\t\t\t<div class=\"e-gallery-image elementor-gallery-item__image\" data-thumbnail=\"https:\/\/boiteakdo.com\/wp-content\/uploads\/2022\/07\/WhatsApp-Image-2022-06-20-at-21.12.11-5.jpeg\" data-width=\"1125\" data-height=\"2000\" aria-label=\"\" role=\"img\" ><\/div>\n\t\t\t\t\t\t\t\t\t\t\t<div class=\"elementor-gallery-item__overlay\"><\/div>\n\t\t\t\t\t\t\t\t\t\t\t\t\t\t\t<div class=\"elementor-gallery-item__content\">\n\t\t\t\t\t\t\t\t\t\t\t<\/div>\n\t\t\t\t\t\t\t\t\t<\/a>\n\t\t\t\t\t\t\t<a class=\"e-gallery-item elementor-gallery-item elementor-animated-content\" data-e-gallery-tags=\"0\" href=\"https:\/\/boiteakdo.com\/wp-content\/uploads\/2022\/07\/WhatsApp-Image-2022-06-20-at-21.12.11-6.jpeg\" data-elementor-open-lightbox=\"yes\" data-elementor-lightbox-slideshow=\"12672d18\" data-elementor-lightbox-title=\"WhatsApp Image 2022-06-20 at 21.12.11 (6)\" data-e-action-hash=\"#elementor-action%3Aaction%3Dlightbox%26settings%3DeyJpZCI6NzgzLCJ1cmwiOiJodHRwczpcL1wvYm9pdGVha2RvLmNvbVwvd3AtY29udGVudFwvdXBsb2Fkc1wvMjAyMlwvMDdcL1doYXRzQXBwLUltYWdlLTIwMjItMDYtMjAtYXQtMjEuMTIuMTEtNi5qcGVnIiwic2xpZGVzaG93IjoiMTI2NzJkMTgifQ%3D%3D\">\n\t\t\t\t\t<div class=\"e-gallery-image elementor-gallery-item__image\" data-thumbnail=\"https:\/\/boiteakdo.com\/wp-content\/uploads\/2022\/07\/WhatsApp-Image-2022-06-20-at-21.12.11-6.jpeg\" data-width=\"1125\" data-height=\"2000\" aria-label=\"\" role=\"img\" ><\/div>\n\t\t\t\t\t\t\t\t\t\t\t<div class=\"elementor-gallery-item__overlay\"><\/div>\n\t\t\t\t\t\t\t\t\t\t\t\t\t\t\t<div class=\"elementor-gallery-item__content\">\n\t\t\t\t\t\t\t\t\t\t\t<\/div>\n\t\t\t\t\t\t\t\t\t<\/a>\n\t\t\t\t\t\t\t<a class=\"e-gallery-item elementor-gallery-item elementor-animated-content\" data-e-gallery-tags=\"0\" href=\"https:\/\/boiteakdo.com\/wp-content\/uploads\/2022\/07\/WhatsApp-Image-2022-06-20-at-21.12.11-7.jpeg\" data-elementor-open-lightbox=\"yes\" data-elementor-lightbox-slideshow=\"12672d18\" data-elementor-lightbox-title=\"WhatsApp Image 2022-06-20 at 21.12.11\" data-e-action-hash=\"#elementor-action%3Aaction%3Dlightbox%26settings%3DeyJpZCI6Nzg0LCJ1cmwiOiJodHRwczpcL1wvYm9pdGVha2RvLmNvbVwvd3AtY29udGVudFwvdXBsb2Fkc1wvMjAyMlwvMDdcL1doYXRzQXBwLUltYWdlLTIwMjItMDYtMjAtYXQtMjEuMTIuMTEtNy5qcGVnIiwic2xpZGVzaG93IjoiMTI2NzJkMTgifQ%3D%3D\">\n\t\t\t\t\t<div class=\"e-gallery-image elementor-gallery-item__image\" data-thumbnail=\"https:\/\/boiteakdo.com\/wp-content\/uploads\/2022\/07\/WhatsApp-Image-2022-06-20-at-21.12.11-7.jpeg\" data-width=\"1125\" data-height=\"2000\" aria-label=\"\" role=\"img\" ><\/div>\n\t\t\t\t\t\t\t\t\t\t\t<div class=\"elementor-gallery-item__overlay\"><\/div>\n\t\t\t\t\t\t\t\t\t\t\t\t\t\t\t<div class=\"elementor-gallery-item__content\">\n\t\t\t\t\t\t\t\t\t\t\t<\/div>\n\t\t\t\t\t\t\t\t\t<\/a>\n\t\t\t\t\t\t\t<a class=\"e-gallery-item elementor-gallery-item elementor-animated-content\" data-e-gallery-tags=\"0\" href=\"https:\/\/boiteakdo.com\/wp-content\/uploads\/2022\/07\/WhatsApp-Image-2022-06-20-at-21.12.12-1.jpeg\" data-elementor-open-lightbox=\"yes\" data-elementor-lightbox-slideshow=\"12672d18\" data-elementor-lightbox-title=\"WhatsApp Image 2022-06-20 at 21.12.12 (1)\" data-e-action-hash=\"#elementor-action%3Aaction%3Dlightbox%26settings%3DeyJpZCI6Nzg1LCJ1cmwiOiJodHRwczpcL1wvYm9pdGVha2RvLmNvbVwvd3AtY29udGVudFwvdXBsb2Fkc1wvMjAyMlwvMDdcL1doYXRzQXBwLUltYWdlLTIwMjItMDYtMjAtYXQtMjEuMTIuMTItMS5qcGVnIiwic2xpZGVzaG93IjoiMTI2NzJkMTgifQ%3D%3D\">\n\t\t\t\t\t<div class=\"e-gallery-image elementor-gallery-item__image\" data-thumbnail=\"https:\/\/boiteakdo.com\/wp-content\/uploads\/2022\/07\/WhatsApp-Image-2022-06-20-at-21.12.12-1.jpeg\" data-width=\"1125\" data-height=\"2000\" aria-label=\"\" role=\"img\" ><\/div>\n\t\t\t\t\t\t\t\t\t\t\t<div class=\"elementor-gallery-item__overlay\"><\/div>\n\t\t\t\t\t\t\t\t\t\t\t\t\t\t\t<div class=\"elementor-gallery-item__content\">\n\t\t\t\t\t\t\t\t\t\t\t<\/div>\n\t\t\t\t\t\t\t\t\t<\/a>\n\t\t\t\t\t\t\t<a class=\"e-gallery-item elementor-gallery-item elementor-animated-content\" data-e-gallery-tags=\"0\" href=\"https:\/\/boiteakdo.com\/wp-content\/uploads\/2022\/07\/WhatsApp-Image-2022-06-20-at-21.12.12-2.jpeg\" data-elementor-open-lightbox=\"yes\" data-elementor-lightbox-slideshow=\"12672d18\" data-elementor-lightbox-title=\"WhatsApp Image 2022-06-20 at 21.12.12 (2)\" data-e-action-hash=\"#elementor-action%3Aaction%3Dlightbox%26settings%3DeyJpZCI6Nzg2LCJ1cmwiOiJodHRwczpcL1wvYm9pdGVha2RvLmNvbVwvd3AtY29udGVudFwvdXBsb2Fkc1wvMjAyMlwvMDdcL1doYXRzQXBwLUltYWdlLTIwMjItMDYtMjAtYXQtMjEuMTIuMTItMi5qcGVnIiwic2xpZGVzaG93IjoiMTI2NzJkMTgifQ%3D%3D\">\n\t\t\t\t\t<div class=\"e-gallery-image elementor-gallery-item__image\" data-thumbnail=\"https:\/\/boiteakdo.com\/wp-content\/uploads\/2022\/07\/WhatsApp-Image-2022-06-20-at-21.12.12-2.jpeg\" data-width=\"1125\" data-height=\"2000\" aria-label=\"\" role=\"img\" ><\/div>\n\t\t\t\t\t\t\t\t\t\t\t<div class=\"elementor-gallery-item__overlay\"><\/div>\n\t\t\t\t\t\t\t\t\t\t\t\t\t\t\t<div class=\"elementor-gallery-item__content\">\n\t\t\t\t\t\t\t\t\t\t\t<\/div>\n\t\t\t\t\t\t\t\t\t<\/a>\n\t\t\t\t\t\t\t<a class=\"e-gallery-item elementor-gallery-item elementor-animated-content\" data-e-gallery-tags=\"0\" href=\"https:\/\/boiteakdo.com\/wp-content\/uploads\/2022\/07\/WhatsApp-Image-2022-06-20-at-21.12.12-3.jpeg\" data-elementor-open-lightbox=\"yes\" data-elementor-lightbox-slideshow=\"12672d18\" data-elementor-lightbox-title=\"WhatsApp Image 2022-06-20 at 21.12.12 (3)\" data-e-action-hash=\"#elementor-action%3Aaction%3Dlightbox%26settings%3DeyJpZCI6Nzg3LCJ1cmwiOiJodHRwczpcL1wvYm9pdGVha2RvLmNvbVwvd3AtY29udGVudFwvdXBsb2Fkc1wvMjAyMlwvMDdcL1doYXRzQXBwLUltYWdlLTIwMjItMDYtMjAtYXQtMjEuMTIuMTItMy5qcGVnIiwic2xpZGVzaG93IjoiMTI2NzJkMTgifQ%3D%3D\">\n\t\t\t\t\t<div class=\"e-gallery-image elementor-gallery-item__image\" data-thumbnail=\"https:\/\/boiteakdo.com\/wp-content\/uploads\/2022\/07\/WhatsApp-Image-2022-06-20-at-21.12.12-3.jpeg\" data-width=\"1125\" data-height=\"2000\" aria-label=\"\" role=\"img\" ><\/div>\n\t\t\t\t\t\t\t\t\t\t\t<div class=\"elementor-gallery-item__overlay\"><\/div>\n\t\t\t\t\t\t\t\t\t\t\t\t\t\t\t<div class=\"elementor-gallery-item__content\">\n\t\t\t\t\t\t\t\t\t\t\t<\/div>\n\t\t\t\t\t\t\t\t\t<\/a>\n\t\t\t\t\t\t\t<a class=\"e-gallery-item elementor-gallery-item elementor-animated-content\" data-e-gallery-tags=\"0\" href=\"https:\/\/boiteakdo.com\/wp-content\/uploads\/2022\/07\/WhatsApp-Image-2022-06-20-at-21.12.12.jpeg\" data-elementor-open-lightbox=\"yes\" data-elementor-lightbox-slideshow=\"12672d18\" data-elementor-lightbox-title=\"WhatsApp Image 2022-06-20 at 21.12.12\" data-e-action-hash=\"#elementor-action%3Aaction%3Dlightbox%26settings%3DeyJpZCI6Nzg4LCJ1cmwiOiJodHRwczpcL1wvYm9pdGVha2RvLmNvbVwvd3AtY29udGVudFwvdXBsb2Fkc1wvMjAyMlwvMDdcL1doYXRzQXBwLUltYWdlLTIwMjItMDYtMjAtYXQtMjEuMTIuMTIuanBlZyIsInNsaWRlc2hvdyI6IjEyNjcyZDE4In0%3D\">\n\t\t\t\t\t<div class=\"e-gallery-image elementor-gallery-item__image\" data-thumbnail=\"https:\/\/boiteakdo.com\/wp-content\/uploads\/2022\/07\/WhatsApp-Image-2022-06-20-at-21.12.12.jpeg\" data-width=\"931\" data-height=\"1161\" aria-label=\"\" role=\"img\" ><\/div>\n\t\t\t\t\t\t\t\t\t\t\t<div class=\"elementor-gallery-item__overlay\"><\/div>\n\t\t\t\t\t\t\t\t\t\t\t\t\t\t\t<div class=\"elementor-gallery-item__content\">\n\t\t\t\t\t\t\t\t\t\t\t<\/div>\n\t\t\t\t\t\t\t\t\t<\/a>\n\t\t\t\t\t<\/div>\n\t\t\t\t\t<\/div>\n\t\t\t\t<\/div>\n\t\t\t\t\t<\/div>\n\t\t<\/div>\n\t\t\t\t\t<\/div>\n\t\t<\/section>\n\t\t\t\t<\/div>\n\t\t","protected":false},"excerpt":{"rendered":"<p>Lampes Led Nos lampes led sont enti\u00e8rement personnalisables, d\u00e9cidez du style et de la gravure pour passer de bonnes nuits et faire de beaux r\u00eaves ! Passer commande<\/p>\n","protected":false},"author":2,"featured_media":0,"parent":0,"menu_order":0,"comment_status":"closed","ping_status":"closed","template":"","meta":{"footnotes":""},"class_list":["post-172","page","type-page","status-publish","hentry"],"_links":{"self":[{"href":"https:\/\/boiteakdo.com\/index.php\/wp-json\/wp\/v2\/pages\/172","targetHints":{"allow":["GET"]}}],"collection":[{"href":"https:\/\/boiteakdo.com\/index.php\/wp-json\/wp\/v2\/pages"}],"about":[{"href":"https:\/\/boiteakdo.com\/index.php\/wp-json\/wp\/v2\/types\/page"}],"author":[{"embeddable":true,"href":"https:\/\/boiteakdo.com\/index.php\/wp-json\/wp\/v2\/users\/2"}],"replies":[{"embeddable":true,"href":"https:\/\/boiteakdo.com\/index.php\/wp-json\/wp\/v2\/comments?post=172"}],"version-history":[{"count":13,"href":"https:\/\/boiteakdo.com\/index.php\/wp-json\/wp\/v2\/pages\/172\/revisions"}],"predecessor-version":[{"id":949,"href":"https:\/\/boiteakdo.com\/index.php\/wp-json\/wp\/v2\/pages\/172\/revisions\/949"}],"wp:attachment":[{"href":"https:\/\/boiteakdo.com\/index.php\/wp-json\/wp\/v2\/media?parent=172"}],"curies":[{"name":"wp","href":"https:\/\/api.w.org\/{rel}","templated":true}]}}